{"id":3407,"date":"2020-05-06T14:53:40","date_gmt":"2020-05-06T12:53:40","guid":{"rendered":"http:\/\/karakate.com\/zerbitzuak-2\/"},"modified":"2020-05-06T14:53:41","modified_gmt":"2020-05-06T12:53:41","slug":"zerbitzuak-2","status":"publish","type":"page","link":"https:\/\/karakate.com\/eu\/zerbitzuak-2\/","title":{"rendered":"Zerbitzuak"},"content":{"rendered":"<p>[et_pb_section fb_built=&#8221;1&#8243; admin_label=&#8221;Servicios&#8221; _builder_version=&#8221;4.2.2&#8243; background_image=&#8221;http:\/\/karakate.com\/\/wp-content\/uploads\/2020\/02\/servicios.jpg&#8221; custom_padding=&#8221;10vw||10vw||false|false&#8221;][et_pb_row use_custom_gutter=&#8221;on&#8221; _builder_version=&#8221;4.2.2&#8243; background_color=&#8221;#f3f1f2&#8243; max_width=&#8221;800px&#8221; custom_padding=&#8221;60px|40px|0px|40px|false|true&#8221; use_custom_width=&#8221;on&#8221; custom_width_px=&#8221;800px&#8221;][et_pb_column type=&#8221;4_4&#8243; _builder_version=&#8221;3.0.47&#8243; custom_padding=&#8221;|||&#8221; custom_padding__hover=&#8221;|||&#8221;][et_pb_text _builder_version=&#8221;4.2.2&#8243; text_font=&#8221;Work Sans|600|||||||&#8221; text_line_height=&#8221;2em&#8221; header_font=&#8221;||||||||&#8221; header_2_font=&#8221;Suranna|||on|||||&#8221; header_2_font_size=&#8221;3vw&#8221; header_2_line_height=&#8221;1.2em&#8221; header_3_font=&#8221;Raleway|700||on|||||&#8221; header_3_font_size=&#8221;12px&#8221; header_3_letter_spacing=&#8221;1.5px&#8221; header_3_line_height=&#8221;2em&#8221; header_4_font=&#8221;||||||||&#8221; header_2_font_size_tablet=&#8221;5vw&#8221; header_2_font_size_phone=&#8221;24px&#8221; header_2_font_size_last_edited=&#8221;on|phone&#8221; border_color_all=&#8221;#f3f1f2&#8243; locked=&#8221;off&#8221;]<\/p>\n<h3>Egiten duguna<\/h3>\n<p>[\/et_pb_text][et_pb_divider color=&#8221;#313540&#8243; _builder_version=&#8221;3.21.1&#8243; transform_translate=&#8221;-80px|0px&#8221; max_width=&#8221;200px&#8221; locked=&#8221;off&#8221;][\/et_pb_divider][et_pb_text _builder_version=&#8221;4.2.2&#8243; text_font=&#8221;Work Sans|600|||||||&#8221; text_line_height=&#8221;2em&#8221; header_font=&#8221;||||||||&#8221; header_2_font_size=&#8221;2vw&#8221; header_2_line_height=&#8221;1.2em&#8221; header_3_font=&#8221;Raleway|700||on|||||&#8221; header_3_font_size=&#8221;12px&#8221; header_3_letter_spacing=&#8221;1.5px&#8221; header_3_line_height=&#8221;2em&#8221; header_4_font=&#8221;||||||||&#8221; custom_margin=&#8221;||&#8221; header_2_font_size_tablet=&#8221;3vw&#8221; header_2_font_size_phone=&#8221;24px&#8221; header_2_font_size_last_edited=&#8221;on|phone&#8221; border_color_all=&#8221;#f3f1f2&#8243; locked=&#8221;off&#8221;]<\/p>\n<h2>Zerbitzuak<\/h2>\n<p>[\/et_pb_text][\/et_pb_column][\/et_pb_row][et_pb_row column_structure=&#8221;1_2,1_2&#8243; use_custom_gutter=&#8221;on&#8221; _builder_version=&#8221;4.2.2&#8243; background_color=&#8221;#f3f1f2&#8243; max_width=&#8221;800px&#8221; custom_padding=&#8221;30px|40px|60px|40px|false|true&#8221; use_custom_width=&#8221;on&#8221; custom_width_px=&#8221;800px&#8221;][et_pb_column type=&#8221;1_2&#8243; _builder_version=&#8221;3.0.47&#8243; custom_padding=&#8221;|||&#8221; custom_padding_tablet=&#8221;0px|||&#8221; custom_padding_phone=&#8221;&#8221; custom_padding_last_edited=&#8221;on|tablet&#8221; custom_padding__hover=&#8221;|||&#8221;][et_pb_blurb title=&#8221;TAULAK EBAKITZEA ETA ERTZAK LANTZEA&#8221; use_icon=&#8221;on&#8221; font_icon=&#8221;%%59%%&#8221; icon_color=&#8221;#d94144&#8243; icon_placement=&#8221;left&#8221; use_icon_font_size=&#8221;on&#8221; icon_font_size=&#8221;20px&#8221; _builder_version=&#8221;4.2.2&#8243; header_font=&#8221;Raleway|700||on|||||&#8221; header_font_size=&#8221;12px&#8221; header_letter_spacing=&#8221;1.5px&#8221; header_line_height=&#8221;2em&#8221; body_font=&#8221;Work Sans||||||||&#8221; body_font_size=&#8221;13px&#8221; body_line_height=&#8221;2em&#8221;][\/et_pb_blurb][et_pb_blurb title=&#8221;PROFILAKETA&#8221; use_icon=&#8221;on&#8221; font_icon=&#8221;%%59%%&#8221; icon_color=&#8221;#d94144&#8243; icon_placement=&#8221;left&#8221; use_icon_font_size=&#8221;on&#8221; icon_font_size=&#8221;20px&#8221; _builder_version=&#8221;4.3.1&#8243; header_font=&#8221;Raleway|700||on|||||&#8221; header_font_size=&#8221;12px&#8221; header_letter_spacing=&#8221;1.5px&#8221; header_line_height=&#8221;2em&#8221; body_font=&#8221;Work Sans||||||||&#8221; body_font_size=&#8221;13px&#8221; body_line_height=&#8221;2em&#8221; locked=&#8221;off&#8221;][\/et_pb_blurb][et_pb_blurb title=&#8221;ARMAIRUEN MEKANIZAZIOA&#8221; use_icon=&#8221;on&#8221; font_icon=&#8221;%%59%%&#8221; icon_color=&#8221;#d94144&#8243; icon_placement=&#8221;left&#8221; use_icon_font_size=&#8221;on&#8221; icon_font_size=&#8221;20px&#8221; _builder_version=&#8221;4.3.1&#8243; header_font=&#8221;Raleway|700||on|||||&#8221; header_font_size=&#8221;12px&#8221; header_letter_spacing=&#8221;1.5px&#8221; header_line_height=&#8221;2em&#8221; body_font=&#8221;Work Sans||||||||&#8221; body_font_size=&#8221;13px&#8221; body_line_height=&#8221;2em&#8221;][\/et_pb_blurb][et_pb_blurb title=&#8221;ZULATUA&#8221; use_icon=&#8221;on&#8221; font_icon=&#8221;%%59%%&#8221; icon_color=&#8221;#d94144&#8243; icon_placement=&#8221;left&#8221; use_icon_font_size=&#8221;on&#8221; icon_font_size=&#8221;20px&#8221; _builder_version=&#8221;4.3.1&#8243; header_font=&#8221;Raleway|700||on|||||&#8221; header_font_size=&#8221;12px&#8221; header_letter_spacing=&#8221;1.5px&#8221; header_line_height=&#8221;2em&#8221; body_font=&#8221;Work Sans||||||||&#8221; body_font_size=&#8221;13px&#8221; body_line_height=&#8221;2em&#8221; locked=&#8221;off&#8221;][\/et_pb_blurb][et_pb_blurb title=&#8221;ARTEKAKETA&#8221; use_icon=&#8221;on&#8221; font_icon=&#8221;%%59%%&#8221; icon_color=&#8221;#d94144&#8243; icon_placement=&#8221;left&#8221; use_icon_font_size=&#8221;on&#8221; icon_font_size=&#8221;20px&#8221; _builder_version=&#8221;4.3.1&#8243; header_font=&#8221;Raleway|700||on|||||&#8221; header_font_size=&#8221;12px&#8221; header_letter_spacing=&#8221;1.5px&#8221; header_line_height=&#8221;2em&#8221; body_font=&#8221;Work Sans||||||||&#8221; body_font_size=&#8221;13px&#8221; body_line_height=&#8221;2em&#8221; locked=&#8221;off&#8221;][\/et_pb_blurb][et_pb_blurb title=&#8221;KOPIATZEA&#8221; use_icon=&#8221;on&#8221; font_icon=&#8221;%%59%%&#8221; icon_color=&#8221;#d94144&#8243; icon_placement=&#8221;left&#8221; use_icon_font_size=&#8221;on&#8221; icon_font_size=&#8221;20px&#8221; _builder_version=&#8221;4.3.1&#8243; header_font=&#8221;Raleway|700||on|||||&#8221; header_font_size=&#8221;12px&#8221; header_letter_spacing=&#8221;1.5px&#8221; header_line_height=&#8221;2em&#8221; body_font=&#8221;Work Sans||||||||&#8221; body_font_size=&#8221;13px&#8221; body_line_height=&#8221;2em&#8221; locked=&#8221;off&#8221;][\/et_pb_blurb][et_pb_blurb title=&#8221;ESKUILATZEA&#8221; use_icon=&#8221;on&#8221; font_icon=&#8221;%%59%%&#8221; icon_color=&#8221;#d94144&#8243; icon_placement=&#8221;left&#8221; use_icon_font_size=&#8221;on&#8221; icon_font_size=&#8221;20px&#8221; _builder_version=&#8221;4.3.1&#8243; header_font=&#8221;Raleway|700||on|||||&#8221; header_font_size=&#8221;12px&#8221; header_letter_spacing=&#8221;1.5px&#8221; header_line_height=&#8221;2em&#8221; body_font=&#8221;Work Sans||||||||&#8221; body_font_size=&#8221;13px&#8221; body_line_height=&#8221;2em&#8221; locked=&#8221;off&#8221;][\/et_pb_blurb][et_pb_blurb title=&#8221;MOLDURATZEA&#8221; use_icon=&#8221;on&#8221; font_icon=&#8221;%%59%%&#8221; icon_color=&#8221;#d94144&#8243; icon_placement=&#8221;left&#8221; use_icon_font_size=&#8221;on&#8221; icon_font_size=&#8221;20px&#8221; _builder_version=&#8221;4.3.1&#8243; header_font=&#8221;Raleway|700||on|||||&#8221; header_font_size=&#8221;12px&#8221; header_letter_spacing=&#8221;1.5px&#8221; header_line_height=&#8221;2em&#8221; body_font=&#8221;Work Sans||||||||&#8221; body_font_size=&#8221;13px&#8221; body_line_height=&#8221;2em&#8221; locked=&#8221;off&#8221;][\/et_pb_blurb][\/et_pb_column][et_pb_column type=&#8221;1_2&#8243; _builder_version=&#8221;3.0.47&#8243; custom_padding=&#8221;|||&#8221; custom_padding_tablet=&#8221;0px|||&#8221; custom_padding_phone=&#8221;&#8221; custom_padding_last_edited=&#8221;on|tablet&#8221; custom_padding__hover=&#8221;|||&#8221;][et_pb_blurb title=&#8221;TAULEN MEKANIZAZIOA ZENBAKIZKO KONTROLEAN&#8221; use_icon=&#8221;on&#8221; font_icon=&#8221;%%59%%&#8221; icon_color=&#8221;#d94144&#8243; icon_placement=&#8221;left&#8221; use_icon_font_size=&#8221;on&#8221; icon_font_size=&#8221;20px&#8221; _builder_version=&#8221;4.2.2&#8243; header_font=&#8221;Raleway|700||on|||||&#8221; header_font_size=&#8221;12px&#8221; header_letter_spacing=&#8221;1.5px&#8221; header_line_height=&#8221;2em&#8221; body_font=&#8221;Work Sans||||||||&#8221; body_font_size=&#8221;13px&#8221; body_line_height=&#8221;2em&#8221;][\/et_pb_blurb][et_pb_blurb title=&#8221;BI ALDEETARA SARTZEKO ATEEN KONFIGURAZIOA&#8221; use_icon=&#8221;on&#8221; font_icon=&#8221;%%59%%&#8221; icon_color=&#8221;#d94144&#8243; icon_placement=&#8221;left&#8221; use_icon_font_size=&#8221;on&#8221; icon_font_size=&#8221;20px&#8221; _builder_version=&#8221;4.2.2&#8243; header_font=&#8221;Raleway|700||on|||||&#8221; header_font_size=&#8221;12px&#8221; header_letter_spacing=&#8221;1.5px&#8221; header_line_height=&#8221;2em&#8221; body_font=&#8221;Work Sans||||||||&#8221; body_font_size=&#8221;13px&#8221; body_line_height=&#8221;2em&#8221;][\/et_pb_blurb][et_pb_blurb title=&#8221;NEURRI BEREZIETAKO ATEAK&#8221; use_icon=&#8221;on&#8221; font_icon=&#8221;%%59%%&#8221; icon_color=&#8221;#d94144&#8243; icon_placement=&#8221;left&#8221; use_icon_font_size=&#8221;on&#8221; icon_font_size=&#8221;20px&#8221; _builder_version=&#8221;4.3.1&#8243; header_font=&#8221;Raleway|700||on|||||&#8221; header_font_size=&#8221;12px&#8221; header_letter_spacing=&#8221;1.5px&#8221; header_line_height=&#8221;2em&#8221; body_font=&#8221;Work Sans||||||||&#8221; body_font_size=&#8221;13px&#8221; body_line_height=&#8221;2em&#8221;][\/et_pb_blurb][et_pb_blurb title=&#8221;ENTREGA-ZERBITZU PERTSONALIZATUA&#8221; use_icon=&#8221;on&#8221; font_icon=&#8221;%%59%%&#8221; icon_color=&#8221;#d94144&#8243; icon_placement=&#8221;left&#8221; use_icon_font_size=&#8221;on&#8221; icon_font_size=&#8221;20px&#8221; _builder_version=&#8221;4.2.2&#8243; header_font=&#8221;Raleway|700||on|||||&#8221; header_font_size=&#8221;12px&#8221; header_letter_spacing=&#8221;1.5px&#8221; header_line_height=&#8221;2em&#8221; body_font=&#8221;Work Sans||||||||&#8221; body_font_size=&#8221;13px&#8221; body_line_height=&#8221;2em&#8221; locked=&#8221;off&#8221;][\/et_pb_blurb][et_pb_blurb title=&#8221;SANDWICH-PRENTSAKETA&#8221; use_icon=&#8221;on&#8221; font_icon=&#8221;%%59%%&#8221; icon_color=&#8221;#d94144&#8243; icon_placement=&#8221;left&#8221; use_icon_font_size=&#8221;on&#8221; icon_font_size=&#8221;20px&#8221; _builder_version=&#8221;4.3.1&#8243; header_font=&#8221;Raleway|700||on|||||&#8221; header_font_size=&#8221;12px&#8221; header_letter_spacing=&#8221;1.5px&#8221; header_line_height=&#8221;2em&#8221; body_font=&#8221;Work Sans||||||||&#8221; body_font_size=&#8221;13px&#8221; body_line_height=&#8221;2em&#8221; locked=&#8221;off&#8221;][\/et_pb_blurb][et_pb_blurb title=&#8221;ALDAGELETARAKO \/ KABINETARAKO ARMAIRUAK&#8221; use_icon=&#8221;on&#8221; font_icon=&#8221;%%59%%&#8221; icon_color=&#8221;#d94144&#8243; icon_placement=&#8221;left&#8221; use_icon_font_size=&#8221;on&#8221; icon_font_size=&#8221;20px&#8221; _builder_version=&#8221;4.3.1&#8243; header_font=&#8221;Raleway|700||on|||||&#8221; header_font_size=&#8221;12px&#8221; header_letter_spacing=&#8221;1.5px&#8221; header_line_height=&#8221;2em&#8221; body_font=&#8221;Work Sans||||||||&#8221; body_font_size=&#8221;13px&#8221; body_line_height=&#8221;2em&#8221; locked=&#8221;off&#8221;][\/et_pb_blurb][et_pb_blurb title=&#8221;KITA ETA BLOCK-EKO ATEAK MUNTATZEA&#8221; use_icon=&#8221;on&#8221; font_icon=&#8221;%%59%%&#8221; icon_color=&#8221;#d94144&#8243; icon_placement=&#8221;left&#8221; use_icon_font_size=&#8221;on&#8221; icon_font_size=&#8221;20px&#8221; _builder_version=&#8221;4.2.2&#8243; header_font=&#8221;Raleway|700||on|||||&#8221; header_font_size=&#8221;12px&#8221; header_letter_spacing=&#8221;1.5px&#8221; header_line_height=&#8221;2em&#8221; body_font=&#8221;Work Sans||||||||&#8221; body_font_size=&#8221;13px&#8221; body_line_height=&#8221;2em&#8221;][\/et_pb_blurb][\/et_pb_column][\/et_pb_row][\/et_pb_section][et_pb_section fb_built=&#8221;1&#8243; _builder_version=&#8221;4.3.1&#8243; custom_margin=&#8221;0px||0px||false|false&#8221; custom_padding=&#8221;0px||0px||false|false&#8221;][et_pb_row column_structure=&#8221;1_4,1_4,1_4,1_4&#8243; use_custom_gutter=&#8221;on&#8221; gutter_width=&#8221;1&#8243; _builder_version=&#8221;4.3.1&#8243; width=&#8221;100%&#8221; max_width=&#8221;100%&#8221; custom_margin=&#8221;0px||0px||false|false&#8221; custom_padding=&#8221;0px||0px||false|false&#8221;][et_pb_column type=&#8221;1_4&#8243; _builder_version=&#8221;4.3.1&#8243;][et_pb_image src=&#8221;http:\/\/karakate.com\/\/wp-content\/uploads\/2020\/02\/servicios-2.jpg&#8221; show_in_lightbox=&#8221;on&#8221; use_overlay=&#8221;on&#8221; _builder_version=&#8221;4.3.1&#8243;][\/et_pb_image][\/et_pb_column][et_pb_column type=&#8221;1_4&#8243; _builder_version=&#8221;4.3.1&#8243;][et_pb_image src=&#8221;http:\/\/karakate.com\/\/wp-content\/uploads\/2020\/02\/servicios-1.jpg&#8221; show_in_lightbox=&#8221;on&#8221; use_overlay=&#8221;on&#8221; _builder_version=&#8221;4.3.1&#8243;][\/et_pb_image][\/et_pb_column][et_pb_column type=&#8221;1_4&#8243; _builder_version=&#8221;4.3.1&#8243;][et_pb_image src=&#8221;http:\/\/karakate.com\/\/wp-content\/uploads\/2020\/02\/servicios-3.jpg&#8221; show_in_lightbox=&#8221;on&#8221; use_overlay=&#8221;on&#8221; _builder_version=&#8221;4.3.1&#8243;][\/et_pb_image][\/et_pb_column][et_pb_column type=&#8221;1_4&#8243; _builder_version=&#8221;4.3.1&#8243;][et_pb_image src=&#8221;http:\/\/karakate.com\/\/wp-content\/uploads\/2020\/02\/servicios-4.jpg&#8221; show_in_lightbox=&#8221;on&#8221; use_overlay=&#8221;on&#8221; _builder_version=&#8221;4.3.1&#8243;][\/et_pb_image][\/et_pb_column][\/et_pb_row][\/et_pb_section]<\/p>\n","protected":false},"excerpt":{"rendered":"<p>Egiten dugunaZerbitzuak<\/p>\n","protected":false},"author":5,"featured_media":0,"parent":0,"menu_order":0,"comment_status":"closed","ping_status":"closed","template":"","meta":{"_et_pb_use_builder":"on","_et_pb_old_content":"<!-- wp:paragraph -->\n<p>Esta es una p\u00e1gina de ejemplo. Es diferente a una entrada del blog porque permanecer\u00e1 en un solo lugar y aparecer\u00e1 en la navegaci\u00f3n de tu sitio (en la mayor\u00eda de los temas). La mayor\u00eda de las personas comienzan con una p\u00e1gina \u00abAcerca de\u00bb que les presenta a los visitantes potenciales del sitio. Podr\u00edas decir algo as\u00ed:<\/p>\n<!-- \/wp:paragraph -->\n\n<!-- wp:quote -->\n<blockquote class=\"wp-block-quote\"><p>\u00a1Bienvenido! Soy camarero de d\u00eda, aspirante a actor de noche y esta es mi web. Vivo en Mairena del Alcor, tengo un perro que se llama Firulais y me gusta el rebujito. (Y las tardes largas con caf\u00e9).<\/p><\/blockquote>\n<!-- \/wp:quote -->\n\n<!-- wp:paragraph -->\n<p>\u2026o algo as\u00ed:<\/p>\n<!-- \/wp:paragraph -->\n\n<!-- wp:quote -->\n<blockquote class=\"wp-block-quote\"><p>La empresa \u00abMariscos Recio\u00bb fue fundada por Antonio Recio Mata. Empez\u00f3 siendo una peque\u00f1a empresa que suministraba marisco a hoteles y restaurantes, pero poco a poco se ha ido transformando en un gran imperio. Mariscos Recio, el mar al mejor precio.<\/p><\/blockquote>\n<!-- \/wp:quote -->\n\n<!-- wp:paragraph -->\n<p>Como nuevo usuario de WordPress, deber\u00edas ir a <a href=\"http:\/\/karakate.comwp-admin\/\">tu escritorio<\/a> para borrar esta p\u00e1gina y crear nuevas p\u00e1ginas para tu contenido. \u00a1P\u00e1salo bien!<\/p>\n<!-- \/wp:paragraph -->","_et_gb_content_width":"","footnotes":""},"_links":{"self":[{"href":"https:\/\/karakate.com\/eu\/wp-json\/wp\/v2\/pages\/3407"}],"collection":[{"href":"https:\/\/karakate.com\/eu\/wp-json\/wp\/v2\/pages"}],"about":[{"href":"https:\/\/karakate.com\/eu\/wp-json\/wp\/v2\/types\/page"}],"author":[{"embeddable":true,"href":"https:\/\/karakate.com\/eu\/wp-json\/wp\/v2\/users\/5"}],"replies":[{"embeddable":true,"href":"https:\/\/karakate.com\/eu\/wp-json\/wp\/v2\/comments?post=3407"}],"version-history":[{"count":1,"href":"https:\/\/karakate.com\/eu\/wp-json\/wp\/v2\/pages\/3407\/revisions"}],"predecessor-version":[{"id":3408,"href":"https:\/\/karakate.com\/eu\/wp-json\/wp\/v2\/pages\/3407\/revisions\/3408"}],"wp:attachment":[{"href":"https:\/\/karakate.com\/eu\/wp-json\/wp\/v2\/media?parent=3407"}],"curies":[{"name":"wp","href":"https:\/\/api.w.org\/{rel}","templated":true}]}}