{"id":3366,"date":"2020-05-06T12:34:16","date_gmt":"2020-05-06T10:34:16","guid":{"rendered":"http:\/\/karakate.com\/produktuak\/"},"modified":"2020-05-07T15:55:57","modified_gmt":"2020-05-07T13:55:57","slug":"produktuak","status":"publish","type":"page","link":"https:\/\/karakate.com\/eu\/produktuak\/","title":{"rendered":"Produktuak"},"content":{"rendered":"<p>[et_pb_section fb_built=&#8221;1&#8243; admin_label=&#8221;Calidad e Innovaci\u00f3n&#8221; _builder_version=&#8221;4.2.2&#8243; background_color=&#8221;#ffffff&#8221; custom_margin=&#8221;0px||||false|false&#8221; custom_padding=&#8221;0px||||false|false&#8221; collapsed=&#8221;off&#8221;][et_pb_row _builder_version=&#8221;4.2.2&#8243; custom_margin=&#8221;0px||0px||false|false&#8221; custom_padding=&#8221;0px||0px||false|false&#8221;][et_pb_column type=&#8221;4_4&#8243; _builder_version=&#8221;4.2.2&#8243;][et_pb_image src=&#8221;http:\/\/karakate.com\/\/wp-content\/uploads\/2020\/02\/k-karakate.png&#8221; align=&#8221;right&#8221; _builder_version=&#8221;4.2.2&#8243; custom_margin=&#8221;0px||||false|false&#8221;][\/et_pb_image][\/et_pb_column][\/et_pb_row][et_pb_row column_structure=&#8221;1_2,1_2&#8243; use_custom_gutter=&#8221;on&#8221; gutter_width=&#8221;4&#8243; _builder_version=&#8221;4.2.2&#8243; background_enable_image=&#8221;off&#8221; background_size=&#8221;initial&#8221; background_position=&#8221;top_right&#8221; z_index=&#8221;0&#8243; custom_margin=&#8221;0px||0px||false|false&#8221; custom_padding=&#8221;0px||0px||false|false&#8221;][et_pb_column type=&#8221;1_2&#8243; _builder_version=&#8221;4.2.2&#8243;][et_pb_text _builder_version=&#8221;4.2.2&#8243; text_font=&#8221;|300|||||||&#8221; text_font_size=&#8221;16px&#8221; text_letter_spacing=&#8221;1px&#8221; header_text_color=&#8221;#c23657&#8243; header_font_size=&#8221;3vw&#8221; header_2_font_size=&#8221;32px&#8221; vertical_offset_tablet=&#8221;0&#8243; horizontal_offset_tablet=&#8221;0&#8243; custom_margin=&#8221;||10px||false|false&#8221; header_font_size_tablet=&#8221;5vw&#8221; header_font_size_phone=&#8221;24px&#8221; header_font_size_last_edited=&#8221;on|phone&#8221; header_2_font_size_tablet=&#8221;30px&#8221; header_2_font_size_phone=&#8221;28px&#8221; header_2_font_size_last_edited=&#8221;on|phone&#8221; z_index_tablet=&#8221;0&#8243; text_text_shadow_horizontal_length_tablet=&#8221;0px&#8221; text_text_shadow_vertical_length_tablet=&#8221;0px&#8221; text_text_shadow_blur_strength_tablet=&#8221;1px&#8221; link_text_shadow_horizontal_length_tablet=&#8221;0px&#8221; link_text_shadow_vertical_length_tablet=&#8221;0px&#8221; link_text_shadow_blur_strength_tablet=&#8221;1px&#8221; ul_text_shadow_horizontal_length_tablet=&#8221;0px&#8221; ul_text_shadow_vertical_length_tablet=&#8221;0px&#8221; ul_text_shadow_blur_strength_tablet=&#8221;1px&#8221; ol_text_shadow_horizontal_length_tablet=&#8221;0px&#8221; ol_text_shadow_vertical_length_tablet=&#8221;0px&#8221; ol_text_shadow_blur_strength_tablet=&#8221;1px&#8221; quote_text_shadow_horizontal_length_tablet=&#8221;0px&#8221; quote_text_shadow_vertical_length_tablet=&#8221;0px&#8221; quote_text_shadow_blur_strength_tablet=&#8221;1px&#8221; header_text_shadow_horizontal_length_tablet=&#8221;0px&#8221; header_text_shadow_vertical_length_tablet=&#8221;0px&#8221; header_text_shadow_blur_strength_tablet=&#8221;1px&#8221; header_2_text_shadow_horizontal_length_tablet=&#8221;0px&#8221; header_2_text_shadow_vertical_length_tablet=&#8221;0px&#8221; header_2_text_shadow_blur_strength_tablet=&#8221;1px&#8221; header_3_text_shadow_horizontal_length_tablet=&#8221;0px&#8221; header_3_text_shadow_vertical_length_tablet=&#8221;0px&#8221; header_3_text_shadow_blur_strength_tablet=&#8221;1px&#8221; header_4_text_shadow_horizontal_length_tablet=&#8221;0px&#8221; header_4_text_shadow_vertical_length_tablet=&#8221;0px&#8221; header_4_text_shadow_blur_strength_tablet=&#8221;1px&#8221; header_5_text_shadow_horizontal_length_tablet=&#8221;0px&#8221; header_5_text_shadow_vertical_length_tablet=&#8221;0px&#8221; header_5_text_shadow_blur_strength_tablet=&#8221;1px&#8221; header_6_text_shadow_horizontal_length_tablet=&#8221;0px&#8221; header_6_text_shadow_vertical_length_tablet=&#8221;0px&#8221; header_6_text_shadow_blur_strength_tablet=&#8221;1px&#8221; box_shadow_horizontal_tablet=&#8221;0px&#8221; box_shadow_vertical_tablet=&#8221;0px&#8221; box_shadow_blur_tablet=&#8221;40px&#8221; box_shadow_spread_tablet=&#8221;0px&#8221;]<\/p>\n<p>PRODUKTUAK<\/p>\n<h1>Karakate<\/h1>\n<p>[\/et_pb_text][et_pb_divider divider_weight=&#8221;1px&#8221; _builder_version=&#8221;4.2.2&#8243; max_width=&#8221;200px&#8221; custom_margin=&#8221;||10px||false|false&#8221;][\/et_pb_divider][\/et_pb_column][et_pb_column type=&#8221;1_2&#8243; _builder_version=&#8221;4.2.2&#8243;][\/et_pb_column][\/et_pb_row][et_pb_row column_structure=&#8221;1_2,1_2&#8243; _builder_version=&#8221;4.2.2&#8243; custom_margin=&#8221;||0px||false|false&#8221; custom_padding=&#8221;||15px||false|false&#8221;][et_pb_column type=&#8221;1_2&#8243; _builder_version=&#8221;4.2.2&#8243;][et_pb_image src=&#8221;http:\/\/karakate.com\/\/wp-content\/uploads\/2020\/02\/producto-puertas.jpg&#8221; url=&#8221;http:\/\/karakate.com\/eu\/ateak\/&#8221; _builder_version=&#8221;4.4.5&#8243; hover_enabled=&#8221;0&#8243;][\/et_pb_image][et_pb_text _builder_version=&#8221;4.4.5&#8243; text_font_size=&#8221;18px&#8221; background_enable_image=&#8221;off&#8221; link_option_url=&#8221;http:\/\/karakate.com\/eu\/ateak\/&#8221; hover_enabled=&#8221;0&#8243;]<\/p>\n<p>Ateak<\/p>\n<p>[\/et_pb_text][et_pb_image src=&#8221;http:\/\/karakate.com\/\/wp-content\/uploads\/2020\/02\/producto-suelos.jpg&#8221; url=&#8221;http:\/\/karakate.com\/eu\/zoruak\/&#8221; _builder_version=&#8221;4.4.5&#8243; hover_enabled=&#8221;0&#8243;][\/et_pb_image][et_pb_text _builder_version=&#8221;4.4.5&#8243; text_font_size=&#8221;18px&#8221; background_enable_image=&#8221;off&#8221; link_option_url=&#8221;http:\/\/karakate.com\/eu\/zoruak\/&#8221; hover_enabled=&#8221;0&#8243;]<\/p>\n<p>Zoruak<\/p>\n<p>[\/et_pb_text][et_pb_image src=&#8221;http:\/\/karakate.com\/\/wp-content\/uploads\/2020\/02\/tableros-portada.jpg&#8221; url=&#8221;http:\/\/karakate.com\/eu\/taulak\/&#8221; _builder_version=&#8221;4.4.5&#8243; hover_enabled=&#8221;0&#8243;][\/et_pb_image][et_pb_text _builder_version=&#8221;4.4.5&#8243; text_font_size=&#8221;18px&#8221; background_enable_image=&#8221;off&#8221; link_option_url=&#8221;http:\/\/karakate.com\/eu\/taulak\/&#8221; hover_enabled=&#8221;0&#8243;]<\/p>\n<p>Taulak<\/p>\n<p>[\/et_pb_text][\/et_pb_column][et_pb_column type=&#8221;1_2&#8243; _builder_version=&#8221;4.2.2&#8243;][et_pb_image src=&#8221;http:\/\/karakate.com\/\/wp-content\/uploads\/2020\/02\/producto-armarios.jpg&#8221; url=&#8221;http:\/\/karakate.com\/eu\/armairuak\/&#8221; _builder_version=&#8221;4.4.5&#8243; hover_enabled=&#8221;0&#8243;][\/et_pb_image][et_pb_text _builder_version=&#8221;4.4.5&#8243; text_font_size=&#8221;18px&#8221; background_enable_image=&#8221;off&#8221; link_option_url=&#8221;http:\/\/karakate.com\/eu\/armairuak\/&#8221; hover_enabled=&#8221;0&#8243;]<\/p>\n<p>Armairuak<\/p>\n<p>[\/et_pb_text][et_pb_image src=&#8221;http:\/\/karakate.com\/\/wp-content\/uploads\/2020\/02\/paredes.jpg&#8221; url=&#8221;http:\/\/karakate.com\/eu\/paretak\/&#8221; _builder_version=&#8221;4.4.5&#8243; hover_enabled=&#8221;0&#8243;][\/et_pb_image][et_pb_text _builder_version=&#8221;4.4.5&#8243; text_font_size=&#8221;18px&#8221; background_enable_image=&#8221;off&#8221; link_option_url=&#8221;http:\/\/karakate.com\/eu\/paretak\/&#8221; hover_enabled=&#8221;0&#8243;]<\/p>\n<p>Paretak<\/p>\n<p>[\/et_pb_text][et_pb_image src=&#8221;http:\/\/karakate.com\/\/wp-content\/uploads\/2020\/02\/manilla-mk1-1.jpg&#8221; url=&#8221;http:\/\/karakate.com\/eu\/ateak\/ate-osagarriak\/&#8221; _builder_version=&#8221;4.4.5&#8243; hover_enabled=&#8221;0&#8243;][\/et_pb_image][et_pb_text _builder_version=&#8221;4.4.5&#8243; text_font_size=&#8221;18px&#8221; background_enable_image=&#8221;off&#8221; link_option_url=&#8221;http:\/\/karakate.com\/eu\/ateak\/ate-osagarriak\/&#8221; hover_enabled=&#8221;0&#8243;]<\/p>\n<p>Osagarriak<\/p>\n<p>[\/et_pb_text][\/et_pb_column][\/et_pb_row][\/et_pb_section]<\/p>\n","protected":false},"excerpt":{"rendered":"<p>PRODUKTUAK KarakateAteakZoruakTaulakArmairuakParetakOsagarriak<\/p>\n","protected":false},"author":5,"featured_media":0,"parent":0,"menu_order":0,"comment_status":"closed","ping_status":"closed","template":"","meta":{"_et_pb_use_builder":"on","_et_pb_old_content":"<!-- wp:paragraph -->\n<p>Esta es una p\u00e1gina de ejemplo. Es diferente a una entrada del blog porque permanecer\u00e1 en un solo lugar y aparecer\u00e1 en la navegaci\u00f3n de tu sitio (en la mayor\u00eda de los temas). La mayor\u00eda de las personas comienzan con una p\u00e1gina \u00abAcerca de\u00bb que les presenta a los visitantes potenciales del sitio. Podr\u00edas decir algo as\u00ed:<\/p>\n<!-- \/wp:paragraph -->\n\n<!-- wp:quote -->\n<blockquote class=\"wp-block-quote\"><p>\u00a1Bienvenido! Soy camarero de d\u00eda, aspirante a actor de noche y esta es mi web. Vivo en Mairena del Alcor, tengo un perro que se llama Firulais y me gusta el rebujito. (Y las tardes largas con caf\u00e9).<\/p><\/blockquote>\n<!-- \/wp:quote -->\n\n<!-- wp:paragraph -->\n<p>\u2026o algo as\u00ed:<\/p>\n<!-- \/wp:paragraph -->\n\n<!-- wp:quote -->\n<blockquote class=\"wp-block-quote\"><p>La empresa \u00abMariscos Recio\u00bb fue fundada por Antonio Recio Mata. Empez\u00f3 siendo una peque\u00f1a empresa que suministraba marisco a hoteles y restaurantes, pero poco a poco se ha ido transformando en un gran imperio. Mariscos Recio, el mar al mejor precio.<\/p><\/blockquote>\n<!-- \/wp:quote -->\n\n<!-- wp:paragraph -->\n<p>Como nuevo usuario de WordPress, deber\u00edas ir a <a href=\"http:\/\/karakate.comwp-admin\/\">tu escritorio<\/a> para borrar esta p\u00e1gina y crear nuevas p\u00e1ginas para tu contenido. \u00a1P\u00e1salo bien!<\/p>\n<!-- \/wp:paragraph -->","_et_gb_content_width":"","footnotes":""},"_links":{"self":[{"href":"https:\/\/karakate.com\/eu\/wp-json\/wp\/v2\/pages\/3366"}],"collection":[{"href":"https:\/\/karakate.com\/eu\/wp-json\/wp\/v2\/pages"}],"about":[{"href":"https:\/\/karakate.com\/eu\/wp-json\/wp\/v2\/types\/page"}],"author":[{"embeddable":true,"href":"https:\/\/karakate.com\/eu\/wp-json\/wp\/v2\/users\/5"}],"replies":[{"embeddable":true,"href":"https:\/\/karakate.com\/eu\/wp-json\/wp\/v2\/comments?post=3366"}],"version-history":[{"count":3,"href":"https:\/\/karakate.com\/eu\/wp-json\/wp\/v2\/pages\/3366\/revisions"}],"predecessor-version":[{"id":3641,"href":"https:\/\/karakate.com\/eu\/wp-json\/wp\/v2\/pages\/3366\/revisions\/3641"}],"wp:attachment":[{"href":"https:\/\/karakate.com\/eu\/wp-json\/wp\/v2\/media?parent=3366"}],"curies":[{"name":"wp","href":"https:\/\/api.w.org\/{rel}","templated":true}]}}